{"id":1304,"date":"2026-02-09T10:53:21","date_gmt":"2026-02-09T10:53:21","guid":{"rendered":"https:\/\/www.scheel-holzwaren.de\/?page_id=1304"},"modified":"2026-02-09T10:53:21","modified_gmt":"2026-02-09T10:53:21","slug":"impressum","status":"publish","type":"page","link":"https:\/\/www.scheel-holzwaren.de\/?page_id=1304","title":{"rendered":"Impressum"},"content":{"rendered":"\n<p>Impressum<\/p>\n\n\n\n<p>Scheel-Holzwaren<br>Inhaber: Erich Scheel<br>Adresse: Steinbruchweg 39 , 34123Kassel<\/p>\n\n\n\n<p><br>Telefon: 0561-514249   Mobil: 017624304192<br>E-Mail: info@scheel-holzwaren.de<br>Website: https:\/\/www.scheel-holzwaren.de<\/p>\n\n\n\n<p>Angaben gem\u00e4\u00df \u00a7 5 TMG<\/p>\n\n\n\n<p>Umsatzsteuer-ID: DE302311242-St.-Nr:20\/140\/17861<\/p>\n\n\n\n<p>Verantwortlich f\u00fcr den Inhalt nach \u00a7 55 Abs. 2 RStV:<br>Erich Scheel<br>Steinbruchweg 39 , 34123 Kassel<\/p>\n\n\n\n<p>Haftungsausschluss:<br>Trotz sorgf\u00e4ltiger inhaltlicher Kontrolle \u00fcbernehmen wir keine Haftung f\u00fcr die Inhalte externer Links. F\u00fcr den Inhalt der verlinkten Seiten sind ausschlie\u00dflich deren Betreiber verantwortlich.<\/p>\n\n\n\n<p>Urheberrecht:<br>Die durch den Seitenbetreiber erstellten Inhalte und Werke auf diesen Seiten unterliegen dem deutschen Urheberrecht.<\/p>\n","protected":false},"excerpt":{"rendered":"<p>Impressum Scheel-HolzwarenInhaber: Erich ScheelAdresse: Steinbruchweg 39 , 34123Kassel Telefon: 0561-514249 Mobil: 017624304192E-Mail: info@scheel-holzwaren.deWebsite: https:\/\/www.scheel-holzwaren.de Angaben gem\u00e4\u00df \u00a7 5 TMG Umsatzsteuer-ID: DE302311242-St.-Nr:20\/140\/17861 Verantwortlich f\u00fcr den Inhalt nach \u00a7 55 Abs. 2 RStV:Erich ScheelSteinbruchweg 39 , 34123 Kassel Haftungsausschluss:Trotz sorgf\u00e4ltiger inhaltlicher Kontrolle \u00fcbernehmen wir keine Haftung f\u00fcr die Inhalte externer Links. F\u00fcr &#8230;<\/p>\n","protected":false},"author":2,"featured_media":0,"parent":0,"menu_order":0,"comment_status":"closed","ping_status":"closed","template":"","meta":{"_exactmetrics_skip_tracking":false,"_exactmetrics_sitenote_active":false,"_exactmetrics_sitenote_note":"","_exactmetrics_sitenote_category":0,"footnotes":""},"class_list":["post-1304","page","type-page","status-publish","hentry","column","twocol"],"_links":{"self":[{"href":"https:\/\/www.scheel-holzwaren.de\/index.php?rest_route=\/wp\/v2\/pages\/1304","targetHints":{"allow":["GET"]}}],"collection":[{"href":"https:\/\/www.scheel-holzwaren.de\/index.php?rest_route=\/wp\/v2\/pages"}],"about":[{"href":"https:\/\/www.scheel-holzwaren.de\/index.php?rest_route=\/wp\/v2\/types\/page"}],"author":[{"embeddable":true,"href":"https:\/\/www.scheel-holzwaren.de\/index.php?rest_route=\/wp\/v2\/users\/2"}],"replies":[{"embeddable":true,"href":"https:\/\/www.scheel-holzwaren.de\/index.php?rest_route=%2Fwp%2Fv2%2Fcomments&post=1304"}],"version-history":[{"count":1,"href":"https:\/\/www.scheel-holzwaren.de\/index.php?rest_route=\/wp\/v2\/pages\/1304\/revisions"}],"predecessor-version":[{"id":1306,"href":"https:\/\/www.scheel-holzwaren.de\/index.php?rest_route=\/wp\/v2\/pages\/1304\/revisions\/1306"}],"wp:attachment":[{"href":"https:\/\/www.scheel-holzwaren.de\/index.php?rest_route=%2Fwp%2Fv2%2Fmedia&parent=1304"}],"curies":[{"name":"wp","href":"https:\/\/api.w.org\/{rel}","templated":true}]}}