{"id":1181,"date":"2026-02-04T10:51:42","date_gmt":"2026-02-04T10:51:42","guid":{"rendered":"https:\/\/www.scheel-holzwaren.de\/?page_id=1181"},"modified":"2026-02-09T07:40:40","modified_gmt":"2026-02-09T07:40:40","slug":"leistungen","status":"publish","type":"page","link":"https:\/\/www.scheel-holzwaren.de\/?page_id=1181","title":{"rendered":"Leistungen"},"content":{"rendered":"\n<p>\u201eHier finden Sie eine \u00dcbersicht meiner handwerklichen Leistungen. Jede Arbeit wird von mir pers\u00f6nlich, zuverl\u00e4ssig und mit hoher Sorgfalt ausgef\u00fchrt.\u201c<\/p>\n\n\n\n<h3 class=\"wp-block-heading\">\u201eMontage &amp; Installation\u201c<\/h3>\n\n\n\n<div class=\"wp-block-buttons is-content-justification-space-between is-layout-flex wp-container-core-buttons-is-layout-3d213aab wp-block-buttons-is-layout-flex\">\n<div class=\"wp-block-button\"><a class=\"wp-block-button__link wp-element-button\">\u201eAngebot anfragen\u201c<\/a><\/div>\n<\/div>\n\n\n\n<p><a href=\"mailto:info@scheel-holzwaren.de\">mailto:info@scheel-holzwaren.de<\/a><\/p>\n\n\n\n<p><\/p>\n\n\n\n<p><\/p>\n\n\n\n<p><\/p>\n\n\n\n<p>\u201eProfessionelle Montage von M\u00f6beln, T\u00fcren, Regalen, K\u00fcchen und individuellen L\u00f6sungen.\u201c\u201eIndividuelle Holzarbeiten f\u00fcr Privat und Gewerbe \u2013 pr\u00e4zise, langlebig und sauber ausgef\u00fchrt.\u201c<\/p>\n\n\n\n<p>\u201eIndividuelle Holzarbeiten f\u00fcr Privat und Gewerbe \u2013 pr\u00e4zise, langlebig und sauber ausgef\u00fchrt.\u201c<\/p>\n\n\n\n<p><\/p>\n\n\n\n<ul class=\"wp-block-list\">\n<li>Kleinreparaturen<\/li>\n\n\n\n<li>Austausch von Beschl\u00e4gen<\/li>\n\n\n\n<li>Kleinreparaturen<\/li>\n\n\n\n<li>Aufbau von M\u00f6beln aller Hersteller<\/li>\n\n\n\n<li>Terrassenaufbau ( Holz &#8211; WPC &#8211; Aluminium<\/li>\n\n\n\n<li>Sichtschutz  ( Holz -WPC &#8211; Glas<\/li>\n<\/ul>\n\n\n\n<p><\/p>\n\n\n\n<h1 class=\"wp-block-heading\">Kontakt<\/h1>\n\n\n\n<p>\u201eSie m\u00f6chten ein Angebot anfragen oder haben Fragen zu meinen Leistungen? Ich freue mich auf Ihre Nachricht.\u201c<\/p>\n\n\n\n<ul class=\"wp-block-list\">\n<li><strong>Telefon:<\/strong> 0561-514249<\/li>\n\n\n\n<li><strong>E\u2011Mail:<\/strong> info@scheel-holzwaren.de<\/li>\n\n\n\n<li><strong>Adresse:<\/strong> Steinbruchweg 39 &#8211; 34123Kassel<\/li>\n<\/ul>\n\n\n\n<p><\/p>\n\n\n\n<div class=\"wp-block-buttons is-layout-flex wp-block-buttons-is-layout-flex\">\n<div class=\"wp-block-button is-style-fill\"><a class=\"wp-block-button__link wp-element-button\" href=\"mailto:info@scheel-holzwaren.de\">Angebot anfragen<\/a><\/div>\n<\/div>\n\n\n\n<p><a href=\"mailto:info@scheel-holzwaren.de\">mailto:info@scheel-holzwaren.de<\/a><\/p>\n\n\n\n<p><\/p>\n\n\n\n<p><\/p>\n\n\n\n<p><\/p>\n\n\n\n<p><\/p>\n","protected":false},"excerpt":{"rendered":"<p>\u201eHier finden Sie eine \u00dcbersicht meiner handwerklichen Leistungen. Jede Arbeit wird von mir pers\u00f6nlich, zuverl\u00e4ssig und mit hoher Sorgfalt ausgef\u00fchrt.\u201c \u201eMontage &amp; Installation\u201c mailto:info@scheel-holzwaren.de \u201eProfessionelle Montage von M\u00f6beln, T\u00fcren, Regalen, K\u00fcchen und individuellen L\u00f6sungen.\u201c\u201eIndividuelle Holzarbeiten f\u00fcr Privat und Gewerbe \u2013 pr\u00e4zise, langlebig und sauber ausgef\u00fchrt.\u201c \u201eIndividuelle Holzarbeiten f\u00fcr Privat und &#8230;<\/p>\n","protected":false},"author":2,"featured_media":0,"parent":0,"menu_order":0,"comment_status":"closed","ping_status":"closed","template":"","meta":{"_exactmetrics_skip_tracking":false,"_exactmetrics_sitenote_active":false,"_exactmetrics_sitenote_note":"","_exactmetrics_sitenote_category":0,"footnotes":""},"class_list":["post-1181","page","type-page","status-publish","hentry","column","twocol"],"_links":{"self":[{"href":"https:\/\/www.scheel-holzwaren.de\/index.php?rest_route=\/wp\/v2\/pages\/1181","targetHints":{"allow":["GET"]}}],"collection":[{"href":"https:\/\/www.scheel-holzwaren.de\/index.php?rest_route=\/wp\/v2\/pages"}],"about":[{"href":"https:\/\/www.scheel-holzwaren.de\/index.php?rest_route=\/wp\/v2\/types\/page"}],"author":[{"embeddable":true,"href":"https:\/\/www.scheel-holzwaren.de\/index.php?rest_route=\/wp\/v2\/users\/2"}],"replies":[{"embeddable":true,"href":"https:\/\/www.scheel-holzwaren.de\/index.php?rest_route=%2Fwp%2Fv2%2Fcomments&post=1181"}],"version-history":[{"count":20,"href":"https:\/\/www.scheel-holzwaren.de\/index.php?rest_route=\/wp\/v2\/pages\/1181\/revisions"}],"predecessor-version":[{"id":1303,"href":"https:\/\/www.scheel-holzwaren.de\/index.php?rest_route=\/wp\/v2\/pages\/1181\/revisions\/1303"}],"wp:attachment":[{"href":"https:\/\/www.scheel-holzwaren.de\/index.php?rest_route=%2Fwp%2Fv2%2Fmedia&parent=1181"}],"curies":[{"name":"wp","href":"https:\/\/api.w.org\/{rel}","templated":true}]}}