{"id":1146,"date":"2026-02-09T07:26:59","date_gmt":"2026-02-09T07:26:59","guid":{"rendered":"https:\/\/www.scheel-holzwaren.de\/?page_id=1146"},"modified":"2026-02-10T13:22:34","modified_gmt":"2026-02-10T13:22:34","slug":"montagen","status":"publish","type":"page","link":"https:\/\/www.scheel-holzwaren.de\/?page_id=1146","title":{"rendered":"Montagen"},"content":{"rendered":"\n<h2 class=\"wp-block-heading\"><strong>Scheel-Holzwaren \u2013 Qualit\u00e4t aus Kassel<\/strong><\/h2>\n\n\n\n<p> Wir fertigen hochwertige Holzprodukte in traditioneller Handarbeit. Ob Pflanzf\u00e4sser, Holzm\u00f6bel oder individuelle Sonderanfertigungen \u2013 bei uns steht langlebige Qualit\u00e4t und pers\u00f6nliche Beratung im Mittelpunkt.<\/p>\n\n\n\n<h2 class=\"wp-block-heading\">Pflanzf\u00e4sser und K\u00fcbel aus Massivholz<\/h2>\n\n\n\n<p class=\"has-text-align-left\">Individuelle Holzm\u00f6bel<\/p>\n\n\n\n<p class=\"has-text-align-left\">Reparaturen und Aufarbeitungen<\/p>\n\n\n\n<p class=\"has-text-align-left\">Sonderanfertigungen nach Kundenwunsch<\/p>\n\n\n\n<p class=\"has-text-align-left\">Holzprodukte f\u00fcr Garten, Haus und Gewerbe<\/p>\n\n\n\n<div class=\"wp-block-group is-layout-grid wp-container-core-group-is-layout-9649a0d9 wp-block-group-is-layout-grid\">\n<p class=\"has-text-align-left wp-container-content-e29552f7\">Wir sind ein familiengef\u00fchrter Handwerksbetrieb aus Kassel und stehen f\u00fcr ehrliche Arbeit, hochwertige Materialien und zuverl\u00e4ssige Ausf\u00fchrung. Jedes St\u00fcck wird mit Sorgfalt gefertigt \u2013 vom ersten Zuschnitt bis zur finalen   Oberfl\u00e4chenbehandlung.<\/p>\n<\/div>\n\n\n\n<p><\/p>\n\n\n\n<ul class=\"wp-block-list\">\n<li>Montage:  von Sichtschutz aus Holz &#8211; WPC und Aluminium<\/li>\n\n\n\n<li>Montage:  von Gartenh\u00e4user mit oder ohne Fundament<\/li>\n\n\n\n<li>Weitere Arbeiten gerne auf Anfrage<\/li>\n<\/ul>\n\n\n\n<p> <\/p>\n","protected":false},"excerpt":{"rendered":"<p>Scheel-Holzwaren \u2013 Qualit\u00e4t aus Kassel Wir fertigen hochwertige Holzprodukte in traditioneller Handarbeit. Ob Pflanzf\u00e4sser, Holzm\u00f6bel oder individuelle Sonderanfertigungen \u2013 bei uns steht langlebige Qualit\u00e4t und pers\u00f6nliche Beratung im Mittelpunkt. Pflanzf\u00e4sser und K\u00fcbel aus Massivholz Individuelle Holzm\u00f6bel Reparaturen und Aufarbeitungen Sonderanfertigungen nach Kundenwunsch Holzprodukte f\u00fcr Garten, Haus und Gewerbe Wir sind &#8230;<\/p>\n","protected":false},"author":2,"featured_media":0,"parent":1156,"menu_order":0,"comment_status":"closed","ping_status":"closed","template":"","meta":{"_exactmetrics_skip_tracking":false,"_exactmetrics_sitenote_active":false,"_exactmetrics_sitenote_note":"","_exactmetrics_sitenote_category":0,"footnotes":""},"class_list":["post-1146","page","type-page","status-publish","hentry","column","twocol"],"_links":{"self":[{"href":"https:\/\/www.scheel-holzwaren.de\/index.php?rest_route=\/wp\/v2\/pages\/1146","targetHints":{"allow":["GET"]}}],"collection":[{"href":"https:\/\/www.scheel-holzwaren.de\/index.php?rest_route=\/wp\/v2\/pages"}],"about":[{"href":"https:\/\/www.scheel-holzwaren.de\/index.php?rest_route=\/wp\/v2\/types\/page"}],"author":[{"embeddable":true,"href":"https:\/\/www.scheel-holzwaren.de\/index.php?rest_route=\/wp\/v2\/users\/2"}],"replies":[{"embeddable":true,"href":"https:\/\/www.scheel-holzwaren.de\/index.php?rest_route=%2Fwp%2Fv2%2Fcomments&post=1146"}],"version-history":[{"count":6,"href":"https:\/\/www.scheel-holzwaren.de\/index.php?rest_route=\/wp\/v2\/pages\/1146\/revisions"}],"predecessor-version":[{"id":1331,"href":"https:\/\/www.scheel-holzwaren.de\/index.php?rest_route=\/wp\/v2\/pages\/1146\/revisions\/1331"}],"up":[{"embeddable":true,"href":"https:\/\/www.scheel-holzwaren.de\/index.php?rest_route=\/wp\/v2\/pages\/1156"}],"wp:attachment":[{"href":"https:\/\/www.scheel-holzwaren.de\/index.php?rest_route=%2Fwp%2Fv2%2Fmedia&parent=1146"}],"curies":[{"name":"wp","href":"https:\/\/api.w.org\/{rel}","templated":true}]}}